{"id":9,"date":"2008-03-19T19:56:55","date_gmt":"2008-03-19T18:56:55","guid":{"rendered":"http:\/\/www.reithof-dahrendorf.de\/wordpress\/?page_id=9"},"modified":"2023-10-30T22:07:02","modified_gmt":"2023-10-30T21:07:02","slug":"der-hof","status":"publish","type":"page","link":"https:\/\/www.reithof-dahrendorf.de\/wordpress\/","title":{"rendered":"Reit-und Ferienhof Dahrendorf"},"content":{"rendered":"<p><strong>Reiturlaub auf einem idyllischen Fachwerkhof mit eigenem Pferd oder auf gut ausgebildeten Schulpferden<\/strong>,<strong> Ferienwohnung und G\u00e4stezimmer<\/strong>,<strong> Wanderreitstation, Reitkurse, gef\u00fchrte Ausritte, Pferdeausbildung und vieles mehr&#8230;<\/strong><\/p>\n<p style=\"text-align: left;\"><strong><a href=\"https:\/\/www.reithof-dahrendorf.de\/wordpress\/wp-content\/uploads\/innenhof2-e1591534638386.jpg\" rel=\"lightbox\"><img loading=\"lazy\" class=\"alignleft wp-image-26 size-medium\" style=\"float: left;\" title=\"Der Innenhof\" src=\"https:\/\/www.reithof-dahrendorf.de\/wordpress\/wp-content\/uploads\/innenhof2-300x172.jpg\" alt=\"\" width=\"300\" height=\"172\" \/><\/a><\/strong><strong>Der Reithof Dahrendorf <\/strong>ist ein sch\u00f6ner Fachwerkhof am Rand eines kleinen Dorfes in der Altmark. Das altm\u00e4rkische Dorfbild ist gepr\u00e4gt von historischen H\u00f6fen, Feldsteinkirchen und Alleen, teilweise noch mit Kopfsteinpflasterstra\u00dfen. Direkt angrenzend befindet sich das Wendland mit den f\u00fcr diese Region typischen, einzigartigen Rundlingsd\u00f6rfern. Der Hof ist eine Oase der Ruhe in famili\u00e4rer Atmosph\u00e4re!<\/p>\n<p style=\"text-align: left;\"><a href=\"https:\/\/www.reithof-dahrendorf.de\/wordpress\/wp-content\/uploads\/anja-028-e1591534606664.jpg\" rel=\"lightbox\"><img loading=\"lazy\" class=\"alignright wp-image-60 size-medium\" src=\"https:\/\/www.reithof-dahrendorf.de\/wordpress\/wp-content\/uploads\/anja-028-300x225.jpg\" alt=\"anja-028\" width=\"300\" height=\"225\" \/><\/a>Im Dachgeschoss des idyllischen Hofes befindet sich eine <a title=\"Ferienwohnung\" href=\"https:\/\/www.reithof-dahrendorf.de\/wordpress\/?page_id=27\" target=\"_self\" rel=\"noopener noreferrer\">gem\u00fctlich eingerichtete Ferienwohnung<\/a> f\u00fcr bis zu 6 Personen. Diese bietet Ihnen zwei Schlafzimmer, zwei B\u00e4der, eine komplett ausgestattete K\u00fcche sowie einen Ess- und Wohnraum mit TV. Eine weitere Ferienwohnung liegt im Erdgeschoss, hat einen kleinen Garten und ist ideal f\u00fcr zwei Personen mit Hund.\u00a0 Alternativ k\u00f6nnen Sie G\u00e4stezimmer mit Fr\u00fchst\u00fcck w\u00e4hlen. Wenn Sie mit einer gro\u00dfe Gruppe von bis zu 8 Personen Urlaub machen wollen, k\u00f6nnen Sie die ganze obere Etage mit drei Schlafzimmern und drei B\u00e4dern buchen. Wlan ist verf\u00fcgbar. Von oben genie\u00dfen Sie den herrlichen Ausblick auf die weite Landschaft mit dem ehemaligen Grenzturm und die <a title=\"Pferde\" href=\"https:\/\/www.reithof-dahrendorf.de\/wordpress\/?page_id=12\" target=\"_self\" rel=\"noopener noreferrer\">Pferde<\/a>.<\/p>\n<p><a href=\"https:\/\/www.reithof-dahrendorf.de\/wordpress\/wp-content\/uploads\/anja-0111-e1591538718825.jpg\" rel=\"lightbox\"><img loading=\"lazy\" class=\"alignleft wp-image-58 size-medium\" src=\"https:\/\/www.reithof-dahrendorf.de\/wordpress\/wp-content\/uploads\/anja-0111-300x225.jpg\" alt=\"anja-0111\" width=\"300\" height=\"225\" \/><\/a>Der Garten mit den Obstb\u00e4umen l\u00e4dt zum Entspannen ein, der Abend kann gem\u00fctlich an der <strong>Grill- und Feuerstelle<\/strong> ausklingen.<br \/>\n<a href=\"https:\/\/www.reithof-dahrendorf.de\/wordpress\/wp-content\/uploads\/kidstrampo-e1591538818463.jpg\" rel=\"lightbox\"><img loading=\"lazy\" class=\"alignleft wp-image-90 size-medium\" src=\"https:\/\/www.reithof-dahrendorf.de\/wordpress\/wp-content\/uploads\/kidstrampo-300x254.jpg\" alt=\"kidstrampo\" width=\"300\" height=\"254\" \/><\/a>F\u00fcr Kinder stehen die Wiese und Spielger\u00e4te wie z.B. Schaukel und Trampolin zur Verf\u00fcgung.<\/p>\n<p>Ruhe und Naturn\u00e4he stellen ideale Voraussetzungen f\u00fcr einen erholsamen <a title=\"Reiturlaub\" href=\"https:\/\/www.reithof-dahrendorf.de\/wordpress\/?page_id=15\" target=\"_self\" rel=\"noopener noreferrer\">Urlaub f\u00fcr Reiter und Pferd<\/a> dar. Ihr Pferd wird je nach Wunsch im <strong>Offenstall<\/strong>, gro\u00dfen Boxen\u00a0mit Paddock oder auf der Weide untergebracht.<\/p>\n<p><a href=\"https:\/\/www.reithof-dahrendorf.de\/wordpress\/wp-content\/uploads\/halle2.jpg\" rel=\"lightbox\"><img loading=\"lazy\" class=\"wp-image-44  alignleft\" style=\"float: left;\" title=\"halle2\" src=\"https:\/\/www.reithof-dahrendorf.de\/wordpress\/wp-content\/uploads\/halle2-150x112.jpg\" alt=\"\" width=\"189\" height=\"141\" \/><\/a> Auf dem Hof stehen Ihnen ein <strong>Reitplatz (20x40m)<\/strong>, ein\u00a0 <strong>Roundpen <\/strong>sowie eine kleine <strong>Reithalle <\/strong>zur Verf\u00fcgung, so dass Sie bei keinem Wetter auf Ihr Reitvergn\u00fcgen verzichten m\u00fcssen. Wenn Sie es w\u00fcnschen, begleite ich Sie gerne auf Ihren Ausritten und zeige Ihnen das sch\u00f6ne und abwechslungsreiche Gel\u00e4nde oder gebe Ihnen einige Reitstunden.<\/p>\n<p><a href=\"https:\/\/www.reithof-dahrendorf.de\/wordpress\/wp-content\/uploads\/lunakinder.jpg\" target=\"_blank\" rel=\"lightbox noopener noreferrer\"><img loading=\"lazy\" class=\"alignnone wp-image-66 \" style=\"float: right;\" title=\"Luna mit Kindern\" src=\"https:\/\/www.reithof-dahrendorf.de\/wordpress\/wp-content\/uploads\/lunakinder-300x188.jpg\" alt=\"Luna mit Kindern\" width=\"290\" height=\"182\" \/><\/a>Auch Ihren Hund k\u00f6nnen Sie gerne mitbringen.<\/p>\n","protected":false},"excerpt":{"rendered":"<p>Reiturlaub auf einem idyllischen Fachwerkhof mit eigenem Pferd oder auf gut ausgebildeten Schulpferden, Ferienwohnung und G\u00e4stezimmer, Wanderreitstation, Reitkurse, gef\u00fchrte Ausritte, Pferdeausbildung und vieles mehr&#8230; Der Reithof Dahrendorf ist ein sch\u00f6ner Fachwerkhof am Rand eines kleinen Dorfes in der Altmark. Das altm\u00e4rkische Dorfbild ist gepr\u00e4gt von historischen H\u00f6fen, Feldsteinkirchen und Alleen, teilweise noch mit Kopfsteinpflasterstra\u00dfen. Direkt &hellip; <a href=\"https:\/\/www.reithof-dahrendorf.de\/wordpress\/\" class=\"more-link\"><span class=\"screen-reader-text\">Reit-und Ferienhof Dahrendorf<\/span> weiterlesen<\/a><\/p>\n","protected":false},"author":1,"featured_media":0,"parent":0,"menu_order":0,"comment_status":"closed","ping_status":"closed","template":"","meta":[],"aioseo_notices":[],"_links":{"self":[{"href":"https:\/\/www.reithof-dahrendorf.de\/wordpress\/wp-json\/wp\/v2\/pages\/9"}],"collection":[{"href":"https:\/\/www.reithof-dahrendorf.de\/wordpress\/wp-json\/wp\/v2\/pages"}],"about":[{"href":"https:\/\/www.reithof-dahrendorf.de\/wordpress\/wp-json\/wp\/v2\/types\/page"}],"author":[{"embeddable":true,"href":"https:\/\/www.reithof-dahrendorf.de\/wordpress\/wp-json\/wp\/v2\/users\/1"}],"replies":[{"embeddable":true,"href":"https:\/\/www.reithof-dahrendorf.de\/wordpress\/wp-json\/wp\/v2\/comments?post=9"}],"version-history":[{"count":24,"href":"https:\/\/www.reithof-dahrendorf.de\/wordpress\/wp-json\/wp\/v2\/pages\/9\/revisions"}],"predecessor-version":[{"id":690,"href":"https:\/\/www.reithof-dahrendorf.de\/wordpress\/wp-json\/wp\/v2\/pages\/9\/revisions\/690"}],"wp:attachment":[{"href":"https:\/\/www.reithof-dahrendorf.de\/wordpress\/wp-json\/wp\/v2\/media?parent=9"}],"curies":[{"name":"wp","href":"https:\/\/api.w.org\/{rel}","templated":true}]}}