{"id":83,"date":"2010-12-01T22:29:05","date_gmt":"2010-12-01T20:29:05","guid":{"rendered":"http:\/\/www.reithof-dahrendorf.de\/wordpress\/?page_id=83"},"modified":"2020-06-08T13:33:50","modified_gmt":"2020-06-08T11:33:50","slug":"heilpadagogisches-reiten","status":"publish","type":"page","link":"https:\/\/www.reithof-dahrendorf.de\/wordpress\/heilpadagogisches-reiten\/","title":{"rendered":"Heilp\u00e4dagogisches Reiten"},"content":{"rendered":"<p><a href=\"https:\/\/www.reithof-dahrendorf.de\/wordpress\/wp-content\/uploads\/scan100051-e1591615978139.jpg\" rel=\"lightbox\"><img loading=\"lazy\" class=\"alignleft wp-image-87 size-medium\" title=\"scan100051\" src=\"https:\/\/www.reithof-dahrendorf.de\/wordpress\/wp-content\/uploads\/scan100051-217x300.jpg\" alt=\"\" width=\"217\" height=\"300\" \/><\/a>Therapeutisches\/Heilp\u00e4dagogisches Reiten\u00a0ist eine ganzheitliche Therapieform, bei der mit Hilfe des Pferdes K\u00f6rper, Geist und Seele des Menschen gleicherma\u00dfen angesprochen werden. Sie sollte von ausgebildeten Reittherapeutinnen durchgef\u00fchrt werden und richtet sich an Kinder, Jugendliche und auch Erwachsene mit verschiedenen Problemen wie Verhaltensauff\u00e4lligkeiten (z.B. ADHS), Wahrnehmungs- und Bewegungsst\u00f6rungen, psychische und psychsomatische Erkrankungen, Lern- und geistige Behinderungen, Haltungssch\u00e4den\u00a0u.v.m.<\/p>\n<p><a href=\"https:\/\/www.reithof-dahrendorf.de\/wordpress\/wp-content\/uploads\/bild0370-e1591616001735.jpg\" rel=\"lightbox\"><img loading=\"lazy\" class=\"alignright wp-image-85 size-medium\" title=\"bild0370\" src=\"https:\/\/www.reithof-dahrendorf.de\/wordpress\/wp-content\/uploads\/bild0370-300x225.jpg\" alt=\"\" width=\"300\" height=\"225\" \/><\/a>Beim Heilp\u00e4dagogischen Reiten steht\u00a0 nicht die reiterliche Ausbildung Im Vordergrund. Vielmehr wird eine individuelle F\u00f6rderung der Gesamtpers\u00f6nlichkeit angestrebt. Das HpR umfasst nicht nur das Reiten, sondern alle rund um das Pferd anfallende T\u00e4tigkeiten wie das Pferd f\u00fchren, putzen und pflegen, f\u00fcttern etc. Der gesamte Umgang mit dem Pferd hat vielfache therapeuische Wirkungen.\u00a0Es wird z.B. das grundlegende Bed\u00fcrfnis nach W\u00e4rme und N\u00e4he befriedigt.<\/p>\n<p>Ziele beim Heilp\u00e4dagogischen Reiten k\u00f6nnen z.B. sein: Abbau von \u00c4ngsten und Aggressionen,\u00a0Aufbau von Beziehungsf\u00e4higkeit und Verantwortungs\u00fcbernahme, St\u00e4rkung des Selbstwertgef\u00fchls, Erh\u00f6hung der Frustrationstoleranz, Verbesserung\u00a0der Konzentration, F\u00f6rderung von Wahrnehmung, Koordination und Gleichgewicht, Entspannung u.v.m.<\/p>\n<p><a href=\"https:\/\/www.reithof-dahrendorf.de\/wordpress\/wp-content\/uploads\/dsci0635-e1591616020738.jpg\" rel=\"lightbox\"><img loading=\"lazy\" class=\"alignleft wp-image-84 size-medium\" title=\"dsci0635\" src=\"https:\/\/www.reithof-dahrendorf.de\/wordpress\/wp-content\/uploads\/dsci0635-300x168.jpg\" alt=\"\" width=\"300\" height=\"168\" \/><\/a>Um mit den Klienten qualifiziert arbeiten ztu k\u00f6nnen, m\u00fcssen sowohl die Reittherapeutin als auch die Pferde in dem Bereich umfassend ausgebildet sein.\u00a0 Die Pferde m\u00fcssen physisch und psychisch gesund sein. Daf\u00fcr ist nach meinem Verst\u00e4ndnis eine artgerechte Haltung unerl\u00e4sslich. Die Bewegungsm\u00f6glichkeiten und der Sozialkontakt in der Herde bilden die Basis f\u00fcr ausgeglichene Pferde, die vertrauensvoll und zuverl\u00e4ssig mitarbeiten. Ebenso m\u00fcssen Korrekturen und Ausgleichsarbeit mit den Pferden erfolgen. Von gro\u00dfem Vorteil erlebe ich die Verschiedenheit meiner Pferde, die im Heilp\u00e4dagogischen Reiten eingesetzt werden. So kann f\u00fcr jeden Klienten das passende Pferd ausgew\u00e4hlt werden.<\/p>\n<p>Auf dem Hof bieten sich optmale Bedingungen zur Durchf\u00fchrung des Heilp\u00e4dagogischen Reitens. Zum einen gibt es vielf\u00e4ltige r\u00e4umliche M\u00f6glichkeiten: Es stehen Reitplatz, Longierzrikel, ein sch\u00f6nes Gel\u00e4nde und eine Reithalle zur Verf\u00fcgung. Zum anderen findet man dort die n\u00f6tige Ruhe, um ungest\u00f6rt und konzentriert arbeiten zu k\u00f6nnen.<\/p>\n<p>Bei\u00a0Interesse oder Fragen\u00a0k\u00f6nnen Sie sich gerne an mich wenden. Ich w\u00fcrde mich auch \u00fcber eine Zusammenarbeit mit Institutionen wie z.B. Behinderten-\u00a0und Jugendhilfeeinrichtungen freuen.<\/p>\n","protected":false},"excerpt":{"rendered":"<p>Therapeutisches\/Heilp\u00e4dagogisches Reiten\u00a0ist eine ganzheitliche Therapieform, bei der mit Hilfe des Pferdes K\u00f6rper, Geist und Seele des Menschen gleicherma\u00dfen angesprochen werden. Sie sollte von ausgebildeten Reittherapeutinnen durchgef\u00fchrt werden und richtet sich an Kinder, Jugendliche und auch Erwachsene mit verschiedenen Problemen wie Verhaltensauff\u00e4lligkeiten (z.B. ADHS), Wahrnehmungs- und Bewegungsst\u00f6rungen, psychische und psychsomatische Erkrankungen, Lern- und geistige Behinderungen, Haltungssch\u00e4den\u00a0u.v.m. &hellip; <a href=\"https:\/\/www.reithof-dahrendorf.de\/wordpress\/heilpadagogisches-reiten\/\" class=\"more-link\"><span class=\"screen-reader-text\">Heilp\u00e4dagogisches Reiten<\/span> weiterlesen<\/a><\/p>\n","protected":false},"author":2,"featured_media":0,"parent":0,"menu_order":425,"comment_status":"closed","ping_status":"closed","template":"","meta":[],"aioseo_notices":[],"_links":{"self":[{"href":"https:\/\/www.reithof-dahrendorf.de\/wordpress\/wp-json\/wp\/v2\/pages\/83"}],"collection":[{"href":"https:\/\/www.reithof-dahrendorf.de\/wordpress\/wp-json\/wp\/v2\/pages"}],"about":[{"href":"https:\/\/www.reithof-dahrendorf.de\/wordpress\/wp-json\/wp\/v2\/types\/page"}],"author":[{"embeddable":true,"href":"https:\/\/www.reithof-dahrendorf.de\/wordpress\/wp-json\/wp\/v2\/users\/2"}],"replies":[{"embeddable":true,"href":"https:\/\/www.reithof-dahrendorf.de\/wordpress\/wp-json\/wp\/v2\/comments?post=83"}],"version-history":[{"count":8,"href":"https:\/\/www.reithof-dahrendorf.de\/wordpress\/wp-json\/wp\/v2\/pages\/83\/revisions"}],"predecessor-version":[{"id":513,"href":"https:\/\/www.reithof-dahrendorf.de\/wordpress\/wp-json\/wp\/v2\/pages\/83\/revisions\/513"}],"wp:attachment":[{"href":"https:\/\/www.reithof-dahrendorf.de\/wordpress\/wp-json\/wp\/v2\/media?parent=83"}],"curies":[{"name":"wp","href":"https:\/\/api.w.org\/{rel}","templated":true}]}}