{"id":79,"date":"2010-09-26T13:26:18","date_gmt":"2010-09-26T11:26:18","guid":{"rendered":"http:\/\/www.reithof-dahrendorf.de\/wordpress\/?page_id=79"},"modified":"2020-06-08T13:31:45","modified_gmt":"2020-06-08T11:31:45","slug":"wanderritte","status":"publish","type":"page","link":"https:\/\/www.reithof-dahrendorf.de\/wordpress\/wanderritte\/","title":{"rendered":"Wanderreitstation\/Wanderritte"},"content":{"rendered":"<p><strong>Wanderreitstation <\/strong><br \/>\n<img loading=\"lazy\" class=\"alignright size-full wp-image-24\" style=\"float: right; margin-left: 8px; margin-right: 8px;\" title=\"Ausritt im Schnee\" src=\"https:\/\/www.reithof-dahrendorf.de\/wordpress\/wp-content\/uploads\/schneeausritt1.jpg\" alt=\"\" width=\"297\" height=\"241\" \/>Das sch\u00f6ne Reitgebiet mit Wiesen, Feldern, W\u00e4ldern, Heidefl\u00e4chen, Alleen und kleinen D\u00f6rfern ist ideal f\u00fcr Gel\u00e4nde- und Wanderreiter. Die Altmark ist eine der wenigen noch naturbelassenen Landschaften Deutschlands. Neben den ca. 1600 km kartierten Reitrouten gibt es dank einer liberalen Reitgesetzgebung fast unbegrenzte M\u00f6glichkeiten zum Aus- und Wanderreiten. Eine gute Unterbringung von Pferd und Reiter ist auf dem Hof gew\u00e4hrleistet. Sie haben verschiedene M\u00f6glichkeiten, zwischen denen Sie w\u00e4hlen k\u00f6nnen: von komfortabel (Einzel-\/Doppelzimmer mit Fr\u00fchst\u00fcck) bis einfach und g\u00fcnstig (Heuboden oder Zelt) &#8211; je nach Anspruch und Preisvorstellung. N\u00e4heres dazu finden Sie auf der Seite <a href=\"https:\/\/www.reithof-dahrendorf.de\/wordpress\/?page_id=20\" target=\"_self\">Preise<\/a>. F\u00fcr Ihr Pferd stehen Offenstall, Weiden und Paddock-Boxen zur Verf\u00fcgung.<\/p>\n<hr \/>\n<p><strong>Gef\u00fchrte Wanderritte<\/strong><br \/>\n<a href=\"https:\/\/www.reithof-dahrendorf.de\/wordpress\/wp-content\/uploads\/anja-013-e1591615865963.jpg\" rel=\"lightbox \"><img loading=\"lazy\" class=\"alignleft wp-image-64 size-medium\" style=\"float: left;\" title=\"Gruppe im Teich\" src=\"https:\/\/www.reithof-dahrendorf.de\/wordpress\/wp-content\/uploads\/anja-013-300x225.jpg\" alt=\"\" width=\"300\" height=\"225\" \/><\/a>Von mir organisierte und gef\u00fchrte mehrt\u00e4gige Wanderritte finden gelegentlich statt. Nach Absprache k\u00f6nnen Sie daran auch auf Ihrem Pferd teilnehmen. Gef\u00fchrte Ausritte und Sternritte werden ganzj\u00e4hrig regelm\u00e4\u00dfig durchgef\u00fchrt. Dieses Angebot gilt nur f\u00fcr erfahrene Reiter\/innen. <a href=\"https:\/\/www.reithof-dahrendorf.de\/wordpress\/wp-content\/uploads\/pausewr_neu.jpg\" rel=\"lightbox \"><img loading=\"lazy\" class=\"alignleft wp-image-77 size-full\" title=\"Pause beim Wanderritt\" src=\"https:\/\/www.reithof-dahrendorf.de\/wordpress\/wp-content\/uploads\/pausewr_neu.jpg\" alt=\"\" width=\"1024\" height=\"516\" \/><\/a><\/p>\n","protected":false},"excerpt":{"rendered":"<p>Wanderreitstation Das sch\u00f6ne Reitgebiet mit Wiesen, Feldern, W\u00e4ldern, Heidefl\u00e4chen, Alleen und kleinen D\u00f6rfern ist ideal f\u00fcr Gel\u00e4nde- und Wanderreiter. Die Altmark ist eine der wenigen noch naturbelassenen Landschaften Deutschlands. Neben den ca. 1600 km kartierten Reitrouten gibt es dank einer liberalen Reitgesetzgebung fast unbegrenzte M\u00f6glichkeiten zum Aus- und Wanderreiten. Eine gute Unterbringung von Pferd und &hellip; <a href=\"https:\/\/www.reithof-dahrendorf.de\/wordpress\/wanderritte\/\" class=\"more-link\"><span class=\"screen-reader-text\">Wanderreitstation\/Wanderritte<\/span> weiterlesen<\/a><\/p>\n","protected":false},"author":1,"featured_media":0,"parent":0,"menu_order":430,"comment_status":"closed","ping_status":"closed","template":"","meta":[],"aioseo_notices":[],"_links":{"self":[{"href":"https:\/\/www.reithof-dahrendorf.de\/wordpress\/wp-json\/wp\/v2\/pages\/79"}],"collection":[{"href":"https:\/\/www.reithof-dahrendorf.de\/wordpress\/wp-json\/wp\/v2\/pages"}],"about":[{"href":"https:\/\/www.reithof-dahrendorf.de\/wordpress\/wp-json\/wp\/v2\/types\/page"}],"author":[{"embeddable":true,"href":"https:\/\/www.reithof-dahrendorf.de\/wordpress\/wp-json\/wp\/v2\/users\/1"}],"replies":[{"embeddable":true,"href":"https:\/\/www.reithof-dahrendorf.de\/wordpress\/wp-json\/wp\/v2\/comments?post=79"}],"version-history":[{"count":8,"href":"https:\/\/www.reithof-dahrendorf.de\/wordpress\/wp-json\/wp\/v2\/pages\/79\/revisions"}],"predecessor-version":[{"id":512,"href":"https:\/\/www.reithof-dahrendorf.de\/wordpress\/wp-json\/wp\/v2\/pages\/79\/revisions\/512"}],"wp:attachment":[{"href":"https:\/\/www.reithof-dahrendorf.de\/wordpress\/wp-json\/wp\/v2\/media?parent=79"}],"curies":[{"name":"wp","href":"https:\/\/api.w.org\/{rel}","templated":true}]}}