{"id":78,"date":"2010-09-26T13:19:43","date_gmt":"2010-09-26T11:19:43","guid":{"rendered":"http:\/\/www.reithof-dahrendorf.de\/wordpress\/?page_id=78"},"modified":"2022-02-15T08:37:31","modified_gmt":"2022-02-15T07:37:31","slug":"reitkurse","status":"publish","type":"page","link":"https:\/\/www.reithof-dahrendorf.de\/wordpress\/reitkurse\/","title":{"rendered":"Reitkurse"},"content":{"rendered":"<p><a title=\"Mutter Kind\" href=\"https:\/\/www.reithof-dahrendorf.de\/wordpress\/reitkurse\/#mutterkind\">Mutter-Kind-Reitkurs<\/a><\/p>\n<p><a title=\"Pers\u00f6nlichkeitstraining mit dem Pferd\" href=\"https:\/\/www.reithof-dahrendorf.de\/wordpress\/reitkurse\/#basiswesternreiten\">Basis Westernreiten 1\/2<\/a><\/p>\n<p><a title=\"Pers\u00f6nlichkeitstraining mit dem Pferd\" href=\"https:\/\/www.reithof-dahrendorf.de\/wordpress\/reitkurse\/#persoenlichkeitstraining\">Pers\u00f6nlichkeitstraining mit dem Pferd<\/a><\/p>\n<p><a title=\"Reitkurs f\u00fcr Sp\u00e4t- u. Wiedereinsteiger sowie \u00e4ngstliche Reiter\" href=\"https:\/\/www.reithof-dahrendorf.de\/wordpress\/reitkurse\/#spaeteinsteiger\">Reitkurs f\u00fcr Sp\u00e4t- u. Wiedereinsteiger sowie \u00e4ngstliche Reiter<\/a><\/p>\n<p><a title=\"Sternritte\" href=\"https:\/\/www.reithof-dahrendorf.de\/wordpress\/reitkurse\/#sternritte\">Sternritte<\/a> und <a title=\"Wochenend-Wanderritt\" href=\"https:\/\/www.reithof-dahrendorf.de\/wordpress\/reitkurse\/#wochenendwanderritt\">Wochenend-Wanderritt<\/a><\/p>\n<p>Meine <strong>Reitkurse <\/strong>sind sehr individuell auf die teilnehmenden Personen zugeschnitten. Da jeder m\u00f6glichst viel lernen und erfahren soll, finden Kurse grunds\u00e4tzlich nur in Kleingruppen\u00a0(in der Regel 3-4 Personen) statt. An den <strong>Mutter-Kind-Kursen <\/strong>nehmen in der Regel 6 Personen (3 M\u00fctter mit Kindern) teil. Zu meinen <strong>Zielen<\/strong> geh\u00f6rt es, neben reiterlichen F\u00e4higkeiten auch ein Verst\u00e4ndnis f\u00fcr das Verhalten und die Bed\u00fcrfnisse von Pferden zu vermitteln. Es sollte eine vertrauens- und respektvolle Beziehung und <strong>Harmonie zwischen Pferd und Reiter<\/strong> entstehen. Die Kurse finden \u00fcberwiegend mit meinen Pferden statt.\u00a0 Bei einigen Kursen ist die Teilnahme mit <strong>Ihrem eigenen Pferd<\/strong> nach Absprache ebenfalls m\u00f6glich. Bitte haben Sie Verst\u00e4ndnis daf\u00fcr, dass das Gewicht der Teilnehmer auf 85\/90 kg begrenzt ist, bei h\u00f6herem Gewicht nur auf Anfrage!<\/p>\n<hr \/>\n<p><a href=\"https:\/\/www.reithof-dahrendorf.de\/wordpress\/wp-content\/uploads\/reiterferien1-e1591598880178.jpg\" target=\"_blank\" rel=\"lightbox noopener noreferrer\"><img loading=\"lazy\" class=\"alignleft wp-image-76 size-medium\" style=\"float: left;\" title=\"Reiterferien\" src=\"https:\/\/www.reithof-dahrendorf.de\/wordpress\/wp-content\/uploads\/reiterferien1-300x260.jpg\" alt=\"\" width=\"300\" height=\"260\" \/><\/a><strong><a id=\"mutterkind\"><\/a>Muki-Kurs<\/strong>: F\u00fcr M\u00fctter, die mit ihren Kindern gemeinsam eine sch\u00f6ne und erlebnisreiche Woche mit Pferden erleben wollen. In einer kleinen Gruppe mit\u00a0<strong>3 Mutter-Kind-Paaren<\/strong> lernt man sich schnell kennen und kann auf W\u00fcnsche und Interessen der einzelnen Personen individuell eingehen. Nicht nur Reiten, sondern <strong>alles rund ums Pfe<\/strong>rd wie Bodenarbeit, Voltigier\u00fcbungen, Pferdepflege, Theorie, gef\u00fchrte Ausritte, Spiele stehen auf dem Programm. F\u00fcr die Kinder gibt es 2 Reiteinheiten am Tag. Die M\u00fctter sind in der Regel zur Unterst\u00fctzung mit dabei, f\u00fchren bei Bedarf ihre Kinder, lernen viel \u00fcber den Umgang mit den Ponys vom Boden und kommen nat\u00fcrlich auch selbst aufs Pferd. Eine konkrete Anzahl an Reitstunden wird aber nicht zugesichert, da dies sowohl von den Bed\u00fcrfnissen der jeweiligen M\u00fctter als auch von aktuellen Rahmenbedingungen (personelle und zeitliche Situation, Pferdebestand etc.) abh\u00e4ngig ist.<\/p>\n<p>Wer <a href=\"https:\/\/www.reithof-dahrendorf.de\/wordpress\/wp-content\/uploads\/IMG_1359-e1591598930647.jpg\" rel=\"lightbox\"><img loading=\"lazy\" class=\"alignright wp-image-253\" src=\"https:\/\/www.reithof-dahrendorf.de\/wordpress\/wp-content\/uploads\/IMG_1359-300x212.jpg\" alt=\"IMG_1359\" width=\"275\" height=\"194\" \/><\/a>Lust dazu hat, kann sich auch an den t\u00e4glichen Arbeiten wie ausmisten und f\u00fcttern beteiligen. Die \u00dcbernachtung findet gemeinsam in der <strong>gro\u00dfen Ferienwohnung<\/strong> statt, wo jedes Paar ein eigenes Schlafzimmer und Bad hat, die K\u00fcche aber gemeinsam genutzt wird. Der Kurs ist auch geeignet f\u00fcr Anf\u00e4ngerinnen oder M\u00fctter, die seit vielen Jahren nicht geritten sind.<\/p>\n<hr \/>\n<p><strong><a id=\"persoenlichkeitstraining\"><\/a>Pers\u00f6nlichkeitstraining mit dem Pferd<\/strong><\/p>\n<p>Im Laufe meiner T\u00e4tigkeit vor allem als Reittherapeutin wurde mir zunehmend klar, wie vielf\u00e4ltig die M\u00f6glichkeiten sind, durch den Umgang mit Pferden, sich seines eigenen Verhaltens bewusst zu werden, an sich selbst zu arbeiten und dazu zu\u00a0lernen. Sei es, seine <strong>F\u00fchrungsqualit\u00e4ten zu verbessern, mehr Klarheit und Zielstrebigkeit zu entwickeln, sich seiner K\u00f6rpersprache und damit seiner Wirkung auf andere<\/strong> bewusst zu werden, sich in andere einzuf\u00fchlen&#8230; Verschiedene \u00dcbungen\u00a0mit den Pferden werden erprobt, auf jeden Teilnehmer individuell eingegangen, gemeinsam in der Kleingruppe ausgewertet. F\u00fcr jeden, der Lust auf neue Erfahrungen im Umgang mit Pferden oder Erkenntnisse \u00fcber seine Wirkung hat, Vorerfahrungen mit Pferden sind nicht n\u00f6tig.<\/p>\n<p><strong>Mehr Hamonie zwischen Mensch und Pferd<\/strong><\/p>\n<p><a href=\"https:\/\/www.reithof-dahrendorf.de\/wordpress\/wp-content\/uploads\/carimahalsring-e1591598971913.jpg\" rel=\"lightbox\"><img loading=\"lazy\" class=\"alignleft wp-image-88 size-medium\" title=\"carimahalsring\" src=\"https:\/\/www.reithof-dahrendorf.de\/wordpress\/wp-content\/uploads\/carimahalsring-300x229.jpg\" alt=\"\" width=\"300\" height=\"229\" \/><\/a>Ziel eines jeden Reiters\/ Pferdebesitzers sollte es sein, zu einem harmonischen Miteinander zu gelangen. Dazu ist es wichtig, sein Pferd zu verstehen und selbst verstanden zu werden, sprich die <strong>Kommunikation<\/strong> muss funktionieren. Das gilt nicht nur f\u00fcrs Reiten, sondern f\u00fcr den gesamten Umgang.\u00a0Ein bewusster Einsatz von <strong>K\u00f6rpersprache <\/strong>und klare Signale sind daf\u00fcr n\u00f6tig. Beim Reiten wollen wir mit m\u00f6glichst <strong>wenigen feinen Hilfen<\/strong> die Motivation des Pferdes erhalten.\u00a0Neben dem \u00fcblichen Reitunterricht in der Kleingruppe k\u00f6nnen\u00a0bei Bedarf bzw. Interesse\u00a0u.a. K\u00f6rper\u00fcbungen, <strong>Halsringreiten<\/strong>, Sitzschulung an der Longe angewandt werden.<\/p>\n<hr \/>\n<p><a id=\"spaeteinsteiger\"><\/a><br \/>\n<strong>Reitkurs f\u00fcr Sp\u00e4t- u. Wiedereinsteiger sowie \u00e4ngstliche Reiter<\/strong><br \/>\nDer Kurs richtet sich an alle, die unsicher oder \u00e4ngstlich sind, weil sie schlechte Erfahrungen mit Pferden gemacht haben, jahrelang nicht geritten oder gest\u00fcrtzt sind, oder auch an Personen, die in etwas fortgeschrittenem Alter mit dem Reiten beginnen wollen. Wir lernen zun\u00e4chst die Pferde kennen und \u00fcben den Umgang mit ihnen, bevor wir zu den ersten Reit\u00fcbungen kommen. Durch die <strong>Ruhe und Zuverl\u00e4ssigkeit<\/strong> der Pferde und Ponys sowie das <strong>behutsame Heranf\u00fchren ans Reiten<\/strong> werden Sie Vertrauen finden!<\/p>\n<p><strong>Bodenarbeit, Longe und Langz\u00fcgel<\/strong><br \/>\nMan muss nicht nur reiten, auch vom Boden kann man vieles mit dem Pferd machen. Ziele k\u00f6nnen dabei sein: <strong>Abwechslung, Konzentration, Gymnasziziereung, Vorbereitung von Jungpferden, Kl\u00e4rung von Dominanzproblemen<\/strong> u.v.m. Bei allen \u00dcbungen ist der richtige Einsatz von eigener <strong>K\u00f6rpersprache<\/strong> und Signalen\/Hilfen wichtig, damit auch die gew\u00fcnschte Wirkung erreicht wird. Wir k\u00f6nnen an diesem Wochenende alles ausprobieren und je nach Interesse der Teilnehmer\u00a0die Schwerpunkte setzen.<\/p>\n<hr \/>\n<p><a id=\"sternritte\"><\/a><br \/>\n<strong>Sternritte<\/strong><br \/>\nVom Hof aus geht es in alle Richtungen ins wundersch\u00f6ne, abwechslungsreiche\u00a0Gel\u00e4nde in die Altmark und ins Wendland. Die Wege sind \u00fcberwiegend weich, so dass die Pferde nicht beschlagen werden m\u00fcssen und man auf vielen Wegen die Gangart frei w\u00e4hlen kann. Wir werden t\u00e4glich 3-4 Stunden auf dem Pferd verbringen. So bleibt noch Zeit zur Entspannung oder f\u00fcr Ausfl\u00fcge in die Umgebung.<br \/>\nNur f\u00fcr erfahrene, gel\u00e4ndesichere Reiter\/innen.<\/p>\n<hr \/>\n<p><a id=\"wochenendwanderritt\"><\/a><br \/>\n<strong>Wochenend-Wanderritt<\/strong><\/p>\n<p style=\"text-align: left;\"><a href=\"https:\/\/www.reithof-dahrendorf.de\/wordpress\/wp-content\/uploads\/sany2062-e1591598996584.jpg\" rel=\"lightbox\"><img loading=\"lazy\" class=\"alignleft wp-image-143 size-medium\" title=\"sany2062\" src=\"https:\/\/www.reithof-dahrendorf.de\/wordpress\/wp-content\/uploads\/sany2062-300x252.jpg\" alt=\"\" width=\"300\" height=\"252\" \/><\/a>Am ersten Tag werden wir zun\u00e4chst einen ausgedehnten Ausritt machen. So kann sich jeder in Ruhe an sein Pferd und die Ausr\u00fcstung gew\u00f6hnen. An den beiden folgenden Tagen werden wir dann unterwegs sein, die Natur\u00a0und das Zusammensein mit Pferd und Mensch genie\u00dfen. Am Abend werden wir mit den Pferden auf einem anderen Hof \u00fcbernachten, wo wir sicher am Lagerfeuer noch \u00fcber die Erlebnisse des Tages plaudern k\u00f6nnen. Wir werden ca. 4-5 Stunden t\u00e4glich reiten, so dass es auch f\u00fcr Menschen, die sonst keine Wanderritte machen, schaffbar sein wird. F\u00fcr die komplette Verpflegung\u00a0von Mensch und Pferd wird gesorgt.<\/p>\n<p>Nur f\u00fcr erfahrene, gel\u00e4ndesichere Reiter\/innen, Wanderritterfahrungen sind nicht n\u00f6tig<\/p>\n<hr \/>\n<p><a id=\"basiswesternreiten\"><\/a><br \/>\n<strong>Basis Westernreiten 1\/2<\/strong><br \/>\nEin Kurs f\u00fcr Menschen, die noch keine Erfahrungen im Westernreiten haben (1). Geeignet f\u00fcr Reitanf\u00e4nger, Reiter, die von englischen Reitstil auf die Western-Reitweise umsteigen (oder ausprobieren) wollen oder Menschen ganz ohne Reitkenntnisse. Da der Kurs mit max. 4 Teilnehmern stattfindet, kann auf die verschiedenen Erfahrungen\u00a0individuell eingegangen werden. Dementsprechend k\u00f6nnen die Inhalte variieren und neben Reiteinheiten auch Bodenarbeit, Umgang mit dem Pferd, Theorie etc.\u00a0umfassen.\u00a0Westernreiten 2: Darauf aufbauend bzw. f\u00fcr\u00a0Menschen mit Grundkenntnissen im Westernreiten.<\/p>\n","protected":false},"excerpt":{"rendered":"<p>Mutter-Kind-Reitkurs Basis Westernreiten 1\/2 Pers\u00f6nlichkeitstraining mit dem Pferd Reitkurs f\u00fcr Sp\u00e4t- u. Wiedereinsteiger sowie \u00e4ngstliche Reiter Sternritte und Wochenend-Wanderritt Meine Reitkurse sind sehr individuell auf die teilnehmenden Personen zugeschnitten. Da jeder m\u00f6glichst viel lernen und erfahren soll, finden Kurse grunds\u00e4tzlich nur in Kleingruppen\u00a0(in der Regel 3-4 Personen) statt. An den Mutter-Kind-Kursen nehmen in der Regel &hellip; <a href=\"https:\/\/www.reithof-dahrendorf.de\/wordpress\/reitkurse\/\" class=\"more-link\"><span class=\"screen-reader-text\">Reitkurse<\/span> weiterlesen<\/a><\/p>\n","protected":false},"author":1,"featured_media":0,"parent":0,"menu_order":420,"comment_status":"closed","ping_status":"closed","template":"","meta":[],"aioseo_notices":[],"_links":{"self":[{"href":"https:\/\/www.reithof-dahrendorf.de\/wordpress\/wp-json\/wp\/v2\/pages\/78"}],"collection":[{"href":"https:\/\/www.reithof-dahrendorf.de\/wordpress\/wp-json\/wp\/v2\/pages"}],"about":[{"href":"https:\/\/www.reithof-dahrendorf.de\/wordpress\/wp-json\/wp\/v2\/types\/page"}],"author":[{"embeddable":true,"href":"https:\/\/www.reithof-dahrendorf.de\/wordpress\/wp-json\/wp\/v2\/users\/1"}],"replies":[{"embeddable":true,"href":"https:\/\/www.reithof-dahrendorf.de\/wordpress\/wp-json\/wp\/v2\/comments?post=78"}],"version-history":[{"count":33,"href":"https:\/\/www.reithof-dahrendorf.de\/wordpress\/wp-json\/wp\/v2\/pages\/78\/revisions"}],"predecessor-version":[{"id":628,"href":"https:\/\/www.reithof-dahrendorf.de\/wordpress\/wp-json\/wp\/v2\/pages\/78\/revisions\/628"}],"wp:attachment":[{"href":"https:\/\/www.reithof-dahrendorf.de\/wordpress\/wp-json\/wp\/v2\/media?parent=78"}],"curies":[{"name":"wp","href":"https:\/\/api.w.org\/{rel}","templated":true}]}}