{"id":27,"date":"2008-04-13T13:01:13","date_gmt":"2008-04-13T11:01:13","guid":{"rendered":"http:\/\/www.reithof-dahrendorf.de\/wordpress\/?page_id=27"},"modified":"2021-01-13T20:20:41","modified_gmt":"2021-01-13T19:20:41","slug":"ferienwohnungzimmer","status":"publish","type":"page","link":"https:\/\/www.reithof-dahrendorf.de\/wordpress\/der-hof\/ferienwohnungzimmer\/","title":{"rendered":"Ferienwohnung\/Zimmer"},"content":{"rendered":"<p id=\"[object]\">Im Dachgeschoss des idyllischen Fachwerkhofes liegt die gem\u00fctlich eingerichtete gro\u00dfe Ferienwohnung f\u00fcr bis zu 6 Personen. Diese bietet Ihnen zwei Schlafzimmer (jeweils Doppelzimmer mit 1,60er Doppelbett, ein Doppelzimmer mit zus\u00e4tzlichem Schlafsofa), zwei sch\u00f6ne B\u00e4der, eine komplett ausgestattete K\u00fcche sowie einen Ess- und Wohnraum mit TV.<\/p>\n<p>Im Erdgeschoss befindet sich eine sch\u00f6ne kleine Ferienwohnung f\u00fcr 2 Personen bzw. mit Schlafsofa f\u00fcr bis zu 4 Personen. Neben Wohn- und Essraum, separater K\u00fcche, Schlafzimmer (1,40er Doppelbett) und Bad hat die Wohnung einen eigenen kleinen Garten mit Grillstelle. Ideal, wenn man sich zur\u00fcckziehen m\u00f6chte.\u00a0Auch\u00a0f\u00fcr Leute mit Hund gut geeignet.<\/p>\n<p>Sie k\u00f6nnen\u00a0ebenfalls G\u00e4stezimmer EZ oder DZ mit Fr\u00fchst\u00fcck buchen.<\/p>\n<p>Gr\u00f6\u00dfere Gruppen haben die M\u00f6glichkeit, die ganze obere Etage f\u00fcr bis zu 8 Personen zu mieten (3 Schlafzimmer, 3 B\u00e4der).<\/p>\n<p>Wlan ist vorhanden.<\/p>\n<p><a href=\"https:\/\/www.reithof-dahrendorf.de\/wordpress\/wp-content\/uploads\/gelbeszimmer2.jpg\" rel=\"lightbox\"><img loading=\"lazy\" class=\"alignnone wp-image-29 size-medium\" title=\"gelbeszimmer\" src=\"https:\/\/www.reithof-dahrendorf.de\/wordpress\/wp-content\/uploads\/gelbeszimmer2-300x225.jpg\" alt=\"Das gelbe Zimmer\" width=\"300\" height=\"225\" \/><\/a><\/p>\n<p><a href=\"https:\/\/www.reithof-dahrendorf.de\/wordpress\/wp-content\/uploads\/wohness1.jpg\" rel=\"lightbox\"><img loading=\"lazy\" class=\"alignnone wp-image-31 size-medium\" title=\"wohn- esszimmer\" src=\"https:\/\/www.reithof-dahrendorf.de\/wordpress\/wp-content\/uploads\/wohness1-300x225.jpg\" alt=\"Wohn- und Esszimmer\" width=\"300\" height=\"225\" \/><\/a><\/p>\n<p><img loading=\"lazy\" class=\"alignnone size-medium wp-image-540\" src=\"https:\/\/www.reithof-dahrendorf.de\/wordpress\/wp-content\/uploads\/klfewo3-300x225.jpg\" alt=\"\" width=\"300\" height=\"225\" srcset=\"https:\/\/www.reithof-dahrendorf.de\/wordpress\/wp-content\/uploads\/klfewo3-300x225.jpg 300w, https:\/\/www.reithof-dahrendorf.de\/wordpress\/wp-content\/uploads\/klfewo3-150x113.jpg 150w, https:\/\/www.reithof-dahrendorf.de\/wordpress\/wp-content\/uploads\/klfewo3-768x576.jpg 768w, https:\/\/www.reithof-dahrendorf.de\/wordpress\/wp-content\/uploads\/klfewo3.jpg 944w\" sizes=\"(max-width: 300px) 100vw, 300px\" \/><\/p>\n","protected":false},"excerpt":{"rendered":"<p>Im Dachgeschoss des idyllischen Fachwerkhofes liegt die gem\u00fctlich eingerichtete gro\u00dfe Ferienwohnung f\u00fcr bis zu 6 Personen. Diese bietet Ihnen zwei Schlafzimmer (jeweils Doppelzimmer mit 1,60er Doppelbett, ein Doppelzimmer mit zus\u00e4tzlichem Schlafsofa), zwei sch\u00f6ne B\u00e4der, eine komplett ausgestattete K\u00fcche sowie einen Ess- und Wohnraum mit TV. Im Erdgeschoss befindet sich eine sch\u00f6ne kleine Ferienwohnung f\u00fcr 2 &hellip; <a href=\"https:\/\/www.reithof-dahrendorf.de\/wordpress\/der-hof\/ferienwohnungzimmer\/\" class=\"more-link\"><span class=\"screen-reader-text\">Ferienwohnung\/Zimmer<\/span> weiterlesen<\/a><\/p>\n","protected":false},"author":2,"featured_media":0,"parent":9,"menu_order":0,"comment_status":"closed","ping_status":"closed","template":"","meta":[],"aioseo_notices":[],"_links":{"self":[{"href":"https:\/\/www.reithof-dahrendorf.de\/wordpress\/wp-json\/wp\/v2\/pages\/27"}],"collection":[{"href":"https:\/\/www.reithof-dahrendorf.de\/wordpress\/wp-json\/wp\/v2\/pages"}],"about":[{"href":"https:\/\/www.reithof-dahrendorf.de\/wordpress\/wp-json\/wp\/v2\/types\/page"}],"author":[{"embeddable":true,"href":"https:\/\/www.reithof-dahrendorf.de\/wordpress\/wp-json\/wp\/v2\/users\/2"}],"replies":[{"embeddable":true,"href":"https:\/\/www.reithof-dahrendorf.de\/wordpress\/wp-json\/wp\/v2\/comments?post=27"}],"version-history":[{"count":16,"href":"https:\/\/www.reithof-dahrendorf.de\/wordpress\/wp-json\/wp\/v2\/pages\/27\/revisions"}],"predecessor-version":[{"id":754,"href":"https:\/\/www.reithof-dahrendorf.de\/wordpress\/wp-json\/wp\/v2\/pages\/27\/revisions\/754"}],"up":[{"embeddable":true,"href":"https:\/\/www.reithof-dahrendorf.de\/wordpress\/wp-json\/wp\/v2\/pages\/9"}],"wp:attachment":[{"href":"https:\/\/www.reithof-dahrendorf.de\/wordpress\/wp-json\/wp\/v2\/media?parent=27"}],"curies":[{"name":"wp","href":"https:\/\/api.w.org\/{rel}","templated":true}]}}