{"id":20,"date":"2008-03-29T22:46:57","date_gmt":"2008-03-29T21:46:57","guid":{"rendered":"http:\/\/www.reithof-dahrendorf.de\/wordpress\/?page_id=20"},"modified":"2025-03-17T15:27:34","modified_gmt":"2025-03-17T14:27:34","slug":"preise","status":"publish","type":"page","link":"https:\/\/www.reithof-dahrendorf.de\/wordpress\/preise\/","title":{"rendered":"Preise"},"content":{"rendered":"\n\n<div class=\"entry\">\n<table style=\"border: 1px solid #d1d1d1; width: 101.739%; background-color: #fffbea; height: 1642px;\" border=\"0\" cellspacing=\"0\" cellpadding=\"0\">\n<tbody>\n<tr style=\"height: 56px;\">\n<td style=\"border: 1px solid #d1d1d1; width: 60.9009%; height: 56px;\" align=\"left\" valign=\"top\"><strong>Gro\u00dfe Ferienwohnung<\/strong> bis zu 4 Personen<\/td>\n<td style=\"border: 1px solid #d1d1d1; width: 24.0991%; height: 56px;\" align=\"left\" valign=\"top\">ab 3 N\u00e4chten<\/td>\n<td style=\"border: 1px solid #d1d1d1; width: 16.7391%; height: 56px;\" align=\"left\" valign=\"top\">65 \/70.- \u20ac<\/td>\n<\/tr>\n<tr style=\"height: 28px;\">\n<td style=\"border: 1px solid #d1d1d1; width: 60.9009%; height: 28px;\" align=\"left\" valign=\"top\">\u00a0<\/td>\n<td style=\"border: 1px solid #d1d1d1; width: 24.0991%; height: 28px;\" align=\"left\" valign=\"top\">ab 7 N\u00e4chten<\/td>\n<td style=\"border: 1px solid #d1d1d1; width: 16.7391%; height: 28px;\" align=\"left\" valign=\"top\">60.- \u20ac<\/td>\n<\/tr>\n<tr style=\"height: 28px;\">\n<td style=\"border: 1px solid #d1d1d1; width: 60.9009%; height: 28px;\" align=\"left\" valign=\"top\">5. und 6. Person jeweils<\/td>\n<td style=\"border: 1px solid #d1d1d1; width: 24.0991%; height: 28px;\" align=\"left\" valign=\"top\">pro Nacht<\/td>\n<td style=\"border: 1px solid #d1d1d1; width: 16.7391%; height: 28px;\" align=\"left\" valign=\"top\">5.- \u20ac<\/td>\n<\/tr>\n<tr style=\"height: 112px;\">\n<td style=\"border: 1px solid #d1d1d1; width: 60.9009%; height: 112px;\" align=\"left\" valign=\"top\"><strong>Komplettes Dachgeschoss f\u00fcr bis zu 8 Personen<\/strong> mit 3 Schlafzimmern und 3 B\u00e4dern inklusive Nebenkosten, zuz\u00fcglich Endreinigung<\/td>\n<td style=\"border: 1px solid #d1d1d1; width: 24.0991%; height: 112px;\" align=\"left\" valign=\"top\">ab 3 N\u00e4chten<\/td>\n<td style=\"border: 1px solid #d1d1d1; width: 16.7391%; height: 112px;\" align=\"left\" valign=\"top\">ab 90.- \u20ac<\/td>\n<\/tr>\n<tr style=\"height: 28px;\">\n<td style=\"border: 1px solid #d1d1d1; width: 60.9009%; height: 28px;\" align=\"left\" valign=\"top\">\u00a0<\/td>\n<td style=\"border: 1px solid #d1d1d1; width: 24.0991%; height: 28px;\" align=\"left\" valign=\"top\">ab 7 N\u00e4chten<\/td>\n<td style=\"border: 1px solid #d1d1d1; width: 16.7391%; height: 28px;\" align=\"left\" valign=\"top\">85.- \u20ac<\/td>\n<\/tr>\n<tr style=\"height: 28px;\">\n<td style=\"border: 1px solid #d1d1d1; width: 60.9009%; height: 28px;\"><strong>Kleine Ferienwohnung<\/strong> f\u00fcr 2 Pers.<\/td>\n<td style=\"border: 1px solid #d1d1d1; width: 24.0991%; height: 28px;\">ab 3 N\u00e4chten<\/td>\n<td style=\"border: 1px solid #d1d1d1; width: 16.7391%; height: 28px;\">55.- \u20ac<\/td>\n<\/tr>\n<tr style=\"height: 28px;\">\n<td style=\"border: 1px solid #d1d1d1; width: 60.9009%; height: 28px;\">\u00a0<\/td>\n<td style=\"border: 1px solid #d1d1d1; width: 24.0991%; height: 28px;\">ab 7 N\u00e4chten<\/td>\n<td style=\"border: 1px solid #d1d1d1; width: 16.7391%; height: 28px;\">50.- \u20ac<\/td>\n<\/tr>\n<tr style=\"height: 56px;\">\n<td style=\"border: 1px solid #d1d1d1; width: 60.9009%; height: 56px;\" align=\"left\" valign=\"top\"><strong>Doppelzimmer mit Dusche\/WC<\/strong>, \u00dcbernachtung\/Fr\u00fchst\u00fcck<\/td>\n<td style=\"border: 1px solid #d1d1d1; width: 24.0991%; height: 56px;\" align=\"left\" valign=\"top\">pro Person<\/td>\n<td style=\"border: 1px solid #d1d1d1; width: 16.7391%; height: 56px;\" align=\"left\" valign=\"top\">30.- \u20ac<\/td>\n<\/tr>\n<tr style=\"height: 84px;\">\n<td style=\"border: 1px solid #d1d1d1; width: 60.9009%; height: 84px;\" align=\"left\" valign=\"top\"><strong>Wanderreiter<\/strong>, Unterkunft und komplette Verpflegung f\u00fcr Mensch und Pferd<\/td>\n<td style=\"border: 1px solid #d1d1d1; width: 24.0991%; height: 84px;\" align=\"left\" valign=\"top\">Pauschale f\u00fcr Mensch\/Pferd<\/td>\n<td style=\"border: 1px solid #d1d1d1; width: 16.7391%; height: 84px;\" align=\"left\" valign=\"top\">70.- \u20ac<\/td>\n<\/tr>\n<tr style=\"height: 56px;\">\n<td style=\"border: 1px solid #d1d1d1; width: 60.9009%; height: 56px;\" align=\"left\" valign=\"top\"><strong>Pferdeunterbringung, <\/strong>nach Wunsch Paddockbox, Offenstall oder Weide<\/td>\n<td style=\"border: 1px solid #d1d1d1; width: 24.0991%; height: 56px;\" align=\"left\" valign=\"top\">ab<\/td>\n<td style=\"border: 1px solid #d1d1d1; width: 16.7391%; height: 56px;\" align=\"left\" valign=\"top\">15.- \u20ac<\/td>\n<\/tr>\n<tr style=\"height: 28px;\">\n<td style=\"border: 1px solid #d1d1d1; width: 60.9009%; height: 28px;\" align=\"left\" valign=\"top\"><strong>Reiten<\/strong><\/td>\n<td style=\"border: 1px solid #d1d1d1; width: 24.0991%; height: 28px;\" align=\"left\" valign=\"top\">\u00a0<\/td>\n<td style=\"border: 1px solid #d1d1d1; width: 16.7391%; height: 28px;\" align=\"left\" valign=\"top\">\u00a0<\/td>\n<\/tr>\n<tr style=\"height: 84px;\">\n<td style=\"border: 1px solid #d1d1d1; width: 60.9009%; height: 84px;\" align=\"left\" valign=\"top\"><strong>Qualifizierter individueller Unterricht in der Kleingruppe auf Basis der Westernreitweise<\/strong><\/td>\n<td style=\"border: 1px solid #d1d1d1; width: 24.0991%; height: 84px;\" align=\"left\" valign=\"top\">2 Personen<\/td>\n<td style=\"border: 1px solid #d1d1d1; width: 16.7391%; height: 84px;\" align=\"left\" valign=\"top\">20.- \u20ac<\/td>\n<\/tr>\n<tr style=\"height: 74px;\">\n<td style=\"border: 1px solid #d1d1d1; width: 60.9009%; height: 74px;\" align=\"left\" valign=\"top\">\u00a0<\/td>\n<td style=\"border: 1px solid #d1d1d1; width: 24.0991%; height: 74px;\" align=\"left\" valign=\"top\">3-4 Personen<\/td>\n<td style=\"border: 1px solid #d1d1d1; width: 16.7391%; height: 74px;\" align=\"left\" valign=\"top\">\n<table style=\"border: 1px solid #d1d1d1; width: 100%; background-color: #fffbea; height: 28px;\" border=\"0\" cellspacing=\"0\" cellpadding=\"0\">\n<tbody>\n<tr style=\"height: 28px;\">\n<td style=\"border: 1px solid #d1d1d1; height: 28px;\" align=\"left\" valign=\"top\">15.- \u20ac<\/td>\n<\/tr>\n<\/tbody>\n<\/table>\n<\/td>\n<\/tr>\n<tr style=\"height: 28px;\">\n<td style=\"border: 1px solid #d1d1d1; width: 60.9009%; height: 28px;\" align=\"left\" valign=\"top\">\u00a0<\/td>\n<td style=\"border: 1px solid #d1d1d1; width: 24.0991%; height: 28px;\" align=\"left\" valign=\"top\">Einzelstunde<\/td>\n<td style=\"border: 1px solid #d1d1d1; width: 16.7391%; height: 28px;\" align=\"left\" valign=\"top\">30.- \u20ac<\/td>\n<\/tr>\n<tr style=\"height: 28px;\">\n<td style=\"border: 1px solid #d1d1d1; width: 60.9009%; height: 28px;\" align=\"left\" valign=\"top\"><strong>Sitzschulung<\/strong> an der Longe<\/td>\n<td style=\"border: 1px solid #d1d1d1; width: 24.0991%; height: 28px;\" align=\"left\" valign=\"top\">\u00a0<\/td>\n<td style=\"border: 1px solid #d1d1d1; width: 16.7391%; height: 28px;\" align=\"left\" valign=\"top\">20.- \u20ac<\/td>\n<\/tr>\n<tr style=\"height: 56px;\">\n<td style=\"border: 1px solid #d1d1d1; width: 60.9009%; height: 56px;\" align=\"left\" valign=\"top\"><strong>Begleitete Ausritte<\/strong> f\u00fcr Fortgeschrittene<\/td>\n<td style=\"border: 1px solid #d1d1d1; width: 24.0991%; height: 56px;\" align=\"left\" valign=\"top\">1 Stunde<\/td>\n<td style=\"border: 1px solid #d1d1d1; width: 16.7391%; height: 56px;\" align=\"left\" valign=\"top\">25.- \u20ac<\/td>\n<\/tr>\n<tr style=\"height: 28px;\">\n<td style=\"border: 1px solid #d1d1d1; width: 60.9009%; height: 28px;\" align=\"left\" valign=\"top\">\u00a0<\/td>\n<td style=\"border: 1px solid #d1d1d1; width: 24.0991%; height: 28px;\" align=\"left\" valign=\"top\">2 Stunden<\/td>\n<td style=\"border: 1px solid #d1d1d1; width: 16.7391%; height: 28px;\" align=\"left\" valign=\"top\">40.- \u20ac<\/td>\n<\/tr>\n<tr style=\"height: 56px;\">\n<td style=\"border: 1px solid #d1d1d1; width: 60.9009%; height: 56px;\" align=\"left\" valign=\"top\"><strong>Unterricht auf Ihrem Pferd<\/strong> (auch bei Ihnen auf dem Hof)<\/td>\n<td style=\"border: 1px solid #d1d1d1; width: 24.0991%; height: 56px;\" align=\"left\" valign=\"top\">Einzelunterricht<\/td>\n<td style=\"border: 1px solid #d1d1d1; width: 16.7391%; height: 56px;\" align=\"left\" valign=\"top\">25.- \u20ac<\/td>\n<\/tr>\n<tr style=\"height: 28px;\">\n<td style=\"border: 1px solid #d1d1d1; width: 60.9009%; height: 28px;\" align=\"left\" valign=\"top\">\u00a0<\/td>\n<td style=\"border: 1px solid #d1d1d1; width: 24.0991%; height: 28px;\" align=\"left\" valign=\"top\">2 Personen<\/td>\n<td style=\"border: 1px solid #d1d1d1; width: 16.7391%; height: 28px;\" align=\"left\" valign=\"top\">17.- \u20ac<\/td>\n<\/tr>\n<tr style=\"height: 28px;\">\n<td style=\"border: 1px solid #d1d1d1; width: 60.9009%; height: 28px;\" align=\"left\" valign=\"top\">\u00a0<\/td>\n<td style=\"border: 1px solid #d1d1d1; width: 24.0991%; height: 28px;\" align=\"left\" valign=\"top\">3-4 Personen<\/td>\n<td style=\"border: 1px solid #d1d1d1; width: 16.7391%; height: 28px;\" align=\"left\" valign=\"top\">12.- \u20ac<\/td>\n<\/tr>\n<tr style=\"height: 56px;\">\n<td style=\"border: 1px solid #d1d1d1; width: 60.9009%; height: 56px;\" align=\"left\" valign=\"top\"><strong>Gef\u00fchrtes Reiten<\/strong> f\u00fcr die Kleinen ab ca. 3 Jahren<\/td>\n<td style=\"border: 1px solid #d1d1d1; width: 24.0991%; height: 56px;\" align=\"left\" valign=\"top\">pro Kind<\/td>\n<td style=\"border: 1px solid #d1d1d1; width: 16.7391%; height: 56px;\" align=\"left\" valign=\"top\">ab 12.- \u20ac<\/td>\n<\/tr>\n<tr style=\"height: 56px;\">\n<td style=\"border: 1px solid #d1d1d1; width: 60.9009%; height: 56px;\" align=\"left\" valign=\"top\"><strong>Reittherapie<\/strong>\/Heilp\u00e4dagogisches Reiten (Einzel)<\/td>\n<td style=\"border: 1px solid #d1d1d1; width: 24.0991%; height: 56px;\" align=\"left\" valign=\"top\">\u00a0<\/td>\n<td style=\"border: 1px solid #d1d1d1; width: 16.7391%; height: 56px;\" align=\"left\" valign=\"top\">40.-\u20ac<\/td>\n<\/tr>\n<tr style=\"height: 28px;\">\n<td style=\"border: 1px solid #d1d1d1; width: 60.9009%; height: 28px;\" align=\"left\" valign=\"top\"><strong>Reit-Wochenenden<\/strong> Freitag &#8211; Sonntag<\/td>\n<td style=\"border: 1px solid #d1d1d1; width: 24.0991%; height: 28px;\" align=\"left\" valign=\"top\">\u00a0<\/td>\n<td style=\"border: 1px solid #d1d1d1; width: 16.7391%; height: 28px;\" align=\"left\" valign=\"top\">\u00a0<\/td>\n<\/tr>\n<tr style=\"height: 84px;\">\n<td style=\"border: 1px solid #d1d1d1; width: 60.9009%; height: 84px;\" align=\"left\" valign=\"top\">Schnupper-Wochenende incl. \u00dcbernachtung in der Ferienwohnung und 2x Reiten, 1x Bodenarbeit<\/td>\n<td style=\"border: 1px solid #d1d1d1; width: 24.0991%; height: 84px;\" align=\"left\" valign=\"top\">\u00a0<\/td>\n<td style=\"border: 1px solid #d1d1d1; width: 16.7391%; height: 84px;\" align=\"left\" valign=\"top\">140.- \u20ac<\/td>\n<\/tr>\n<tr style=\"height: 84px;\">\n<td style=\"border: 1px solid #d1d1d1; width: 60.9009%; height: 84px;\" align=\"left\" valign=\"top\">Intensiv-Reit-Wochenende incl. \u00dcbernachtung in der Ferienwohnung und 4x Reiten, 1x Bodenarbeit<\/td>\n<td style=\"border: 1px solid #d1d1d1; width: 24.0991%; height: 84px;\" align=\"left\" valign=\"top\">\u00a0<\/td>\n<td style=\"border: 1px solid #d1d1d1; width: 16.7391%; height: 84px;\" align=\"left\" valign=\"top\">180.- \u20ac<\/td>\n<\/tr>\n<tr style=\"height: 112px;\">\n<td style=\"border: 1px solid #d1d1d1; width: 60.9009%; height: 112px;\" align=\"left\" valign=\"top\"><strong>Mutter-Kind-Reitkurse\u00a0<\/strong> Montag bis Samstag\u00a0 \u00a0 \u00a0 \u00a0 incl. 5 \u00dcbernachtungen, Kind 10 x Reiten, Mutter Reiten<\/td>\n<td style=\"border: 1px solid #d1d1d1; width: 24.0991%; height: 112px;\" align=\"left\" valign=\"top\">\u00a0<\/td>\n<td style=\"border: 1px solid #d1d1d1; width: 16.7391%; height: 112px;\" align=\"left\" valign=\"top\">zus. ab 550.- \u20ac<\/td>\n<\/tr>\n<tr style=\"height: 112px;\">\n<td style=\"border: 1px solid #d1d1d1; width: 60.9009%; height: 112px;\" align=\"left\" valign=\"top\"><strong>Muki-Reitkurs kurz\u00a0<\/strong> Donnerstag bis Sonntag \u00a0 incl. 3 \u00dcbernachtungen, \u00a0 Kind 6 x Reiten, Mutter\u00a0 Reiten<\/td>\n<td style=\"border: 1px solid #d1d1d1; width: 24.0991%; height: 112px;\" align=\"left\" valign=\"top\">\u00a0<\/td>\n<td style=\"border: 1px solid #d1d1d1; width: 16.7391%; height: 112px;\" align=\"left\" valign=\"top\">zus. ab\n<p>\u00a0<\/p>\n<p>330.- \u20ac<\/p>\n<\/td>\n<\/tr>\n<tr style=\"height: 28px;\">\n<td style=\"border: 1px solid #d1d1d1; width: 60.9009%; height: 28px;\" align=\"left\" valign=\"top\"><strong>Hund <\/strong><\/td>\n<td style=\"border: 1px solid #d1d1d1; width: 24.0991%; height: 28px;\" align=\"left\" valign=\"top\">pro\u00a0Tag<\/td>\n<td style=\"border: 1px solid #d1d1d1; width: 16.7391%; height: 28px;\" align=\"left\" valign=\"top\">4.- \u20ac<\/td>\n<\/tr>\n<tr style=\"height: 28px;\">\n<td style=\"border: 1px solid #d1d1d1; width: 101.739%; height: 28px;\" colspan=\"3\" align=\"left\" valign=\"top\">\u00a0<\/td>\n<\/tr>\n<tr style=\"height: 56px;\">\n<td style=\"border: 1px solid #d1d1d1; width: 101.739%; height: 56px;\" colspan=\"3\" align=\"left\" valign=\"top\">Alle Termine f\u00fcr Reitwochen und Reitwochenenden auf <a href=\"https:\/\/www.reithof-dahrendorf.de\/wordpress\/?page_id=14\">Anfrage<\/a> oder unter <a href=\"https:\/\/www.reithof-dahrendorf.de\/wordpress\/?page_id=21\" target=\"_self\" rel=\"noopener noreferrer\">Aktuelles<\/a><\/td>\n<\/tr>\n<\/tbody>\n<\/table>\n<\/div>\n\n","protected":false},"excerpt":{"rendered":"<p>Gro\u00dfe Ferienwohnung bis zu 4 Personen ab 3 N\u00e4chten 65 \/70.- \u20ac \u00a0 ab 7 N\u00e4chten 60.- \u20ac 5. und 6. Person jeweils pro Nacht 5.- \u20ac Komplettes Dachgeschoss f\u00fcr bis zu 8 Personen mit 3 Schlafzimmern und 3 B\u00e4dern inklusive Nebenkosten, zuz\u00fcglich Endreinigung ab 3 N\u00e4chten ab 90.- \u20ac \u00a0 ab 7 N\u00e4chten 85.- &hellip; <a href=\"https:\/\/www.reithof-dahrendorf.de\/wordpress\/preise\/\" class=\"more-link\"><span class=\"screen-reader-text\">Preise<\/span> weiterlesen<\/a><\/p>\n","protected":false},"author":1,"featured_media":0,"parent":0,"menu_order":700,"comment_status":"closed","ping_status":"closed","template":"","meta":[],"aioseo_notices":[],"_links":{"self":[{"href":"https:\/\/www.reithof-dahrendorf.de\/wordpress\/wp-json\/wp\/v2\/pages\/20"}],"collection":[{"href":"https:\/\/www.reithof-dahrendorf.de\/wordpress\/wp-json\/wp\/v2\/pages"}],"about":[{"href":"https:\/\/www.reithof-dahrendorf.de\/wordpress\/wp-json\/wp\/v2\/types\/page"}],"author":[{"embeddable":true,"href":"https:\/\/www.reithof-dahrendorf.de\/wordpress\/wp-json\/wp\/v2\/users\/1"}],"replies":[{"embeddable":true,"href":"https:\/\/www.reithof-dahrendorf.de\/wordpress\/wp-json\/wp\/v2\/comments?post=20"}],"version-history":[{"count":44,"href":"https:\/\/www.reithof-dahrendorf.de\/wordpress\/wp-json\/wp\/v2\/pages\/20\/revisions"}],"predecessor-version":[{"id":752,"href":"https:\/\/www.reithof-dahrendorf.de\/wordpress\/wp-json\/wp\/v2\/pages\/20\/revisions\/752"}],"wp:attachment":[{"href":"https:\/\/www.reithof-dahrendorf.de\/wordpress\/wp-json\/wp\/v2\/media?parent=20"}],"curies":[{"name":"wp","href":"https:\/\/api.w.org\/{rel}","templated":true}]}}