{"id":15,"date":"2008-03-29T22:19:31","date_gmt":"2008-03-29T21:19:31","guid":{"rendered":"http:\/\/www.reithof-dahrendorf.de\/wordpress\/?page_id=15"},"modified":"2020-06-08T08:56:52","modified_gmt":"2020-06-08T06:56:52","slug":"reiturlaub","status":"publish","type":"page","link":"https:\/\/www.reithof-dahrendorf.de\/wordpress\/reiturlaub\/","title":{"rendered":"Reiturlaub"},"content":{"rendered":"<p><a href=\"https:\/\/www.reithof-dahrendorf.de\/wordpress\/wp-content\/uploads\/ausritt.jpg\" target=\"_blank\" rel=\"lightbox noopener\"><img loading=\"lazy\" class=\"alignleft size-full wp-image-22\" style=\"float: left;\" title=\"ausritt\" src=\"https:\/\/www.reithof-dahrendorf.de\/wordpress\/wp-content\/uploads\/ausritt.jpg\" alt=\"\" width=\"158\" height=\"192\" \/><\/a><strong>Urlaub mit dem eigenen Pferd<\/strong><br \/>\nGerne k\u00f6nnen Sie mit Ihrem Pferd bei mir Urlaub machen. In Bezug auf die Unterbringung haben Sie verschiedene M\u00f6glichkeiten: F\u00fcr einzelne Pferde bieten sich gro\u00dfe <strong>Paddockboxen<\/strong> oder \u00fcberdachte <strong>Einzelpaddocks <\/strong>an.\u00a0<a href=\"https:\/\/www.reithof-dahrendorf.de\/wordpress\/wp-content\/uploads\/paddocks.jpg\" rel=\"lightbox \"><img loading=\"lazy\" class=\"alignright wp-image-40 size-medium\" title=\"Paddocks\" src=\"https:\/\/www.reithof-dahrendorf.de\/wordpress\/wp-content\/uploads\/paddocks-300x207.jpg\" alt=\"\" width=\"300\" height=\"207\" \/><\/a>F\u00fcr kleine Gruppen stehen ebenfalls\u00a0<strong>Offenst\u00e4lle mit gro\u00dfem Auslauf<\/strong> oder\u00a0Weide zur Verf\u00fcgung. \u00c4u\u00dfern Sie Ihre W\u00fcnsche &#8211; ich versuche, es m\u00f6glich zu machen!\u00a0 Auch Hunde sind bei mir auf dem Hof willkommen.<br \/>\nMit Ihrem Pferd k\u00f6nnen Sie das nahezu unbegrenzte Reitgel\u00e4nde genie\u00dfen. Der Hof stellt einen guten Ausgangspunkt f\u00fcr <strong>sch\u00f6ne Ritte und Kutschfahrten <\/strong>in alle Richtungen dar. Wenn Sie eine ortskundige F\u00fchrung w\u00fcnschen, begleite ich Sie gerne.<a href=\"https:\/\/www.reithof-dahrendorf.de\/wordpress\/wp-content\/uploads\/anja-017-e1591599311959.jpg\" rel=\"lightbox \"><img loading=\"lazy\" class=\"alignleft wp-image-63 size-medium\" style=\"float: left;\" title=\"Beim Ausritt im Teich\" src=\"https:\/\/www.reithof-dahrendorf.de\/wordpress\/wp-content\/uploads\/anja-017-300x225.jpg\" alt=\"Beim Ausritt im Teich\" width=\"300\" height=\"225\" \/><\/a>Sie haben auch die M\u00f6glichkeit, <strong>Reitplatz, Roundpen und Reithalle<\/strong> zu nutzen. Wenn Sie beispielsweise Ihren Sitz oder die Hilfen verbessern wollen, gebe ich Ihnen gerne einige <a href=\"https:\/\/www.reithof-dahrendorf.de\/wordpress\/?page_id=78\"><strong>Unterrichtsstunden<\/strong><\/a>.<\/p>\n","protected":false},"excerpt":{"rendered":"<p>Urlaub mit dem eigenen Pferd Gerne k\u00f6nnen Sie mit Ihrem Pferd bei mir Urlaub machen. In Bezug auf die Unterbringung haben Sie verschiedene M\u00f6glichkeiten: F\u00fcr einzelne Pferde bieten sich gro\u00dfe Paddockboxen oder \u00fcberdachte Einzelpaddocks an.\u00a0F\u00fcr kleine Gruppen stehen ebenfalls\u00a0Offenst\u00e4lle mit gro\u00dfem Auslauf oder\u00a0Weide zur Verf\u00fcgung. \u00c4u\u00dfern Sie Ihre W\u00fcnsche &#8211; ich versuche, es m\u00f6glich zu &hellip; <a href=\"https:\/\/www.reithof-dahrendorf.de\/wordpress\/reiturlaub\/\" class=\"more-link\"><span class=\"screen-reader-text\">Reiturlaub<\/span> weiterlesen<\/a><\/p>\n","protected":false},"author":1,"featured_media":0,"parent":0,"menu_order":400,"comment_status":"closed","ping_status":"closed","template":"","meta":[],"aioseo_notices":[],"_links":{"self":[{"href":"https:\/\/www.reithof-dahrendorf.de\/wordpress\/wp-json\/wp\/v2\/pages\/15"}],"collection":[{"href":"https:\/\/www.reithof-dahrendorf.de\/wordpress\/wp-json\/wp\/v2\/pages"}],"about":[{"href":"https:\/\/www.reithof-dahrendorf.de\/wordpress\/wp-json\/wp\/v2\/types\/page"}],"author":[{"embeddable":true,"href":"https:\/\/www.reithof-dahrendorf.de\/wordpress\/wp-json\/wp\/v2\/users\/1"}],"replies":[{"embeddable":true,"href":"https:\/\/www.reithof-dahrendorf.de\/wordpress\/wp-json\/wp\/v2\/comments?post=15"}],"version-history":[{"count":8,"href":"https:\/\/www.reithof-dahrendorf.de\/wordpress\/wp-json\/wp\/v2\/pages\/15\/revisions"}],"predecessor-version":[{"id":510,"href":"https:\/\/www.reithof-dahrendorf.de\/wordpress\/wp-json\/wp\/v2\/pages\/15\/revisions\/510"}],"wp:attachment":[{"href":"https:\/\/www.reithof-dahrendorf.de\/wordpress\/wp-json\/wp\/v2\/media?parent=15"}],"curies":[{"name":"wp","href":"https:\/\/api.w.org\/{rel}","templated":true}]}}