{"id":13,"date":"2008-03-19T20:59:22","date_gmt":"2008-03-19T19:59:22","guid":{"rendered":"http:\/\/www.reithof-dahrendorf.de\/wordpress\/?page_id=13"},"modified":"2024-10-01T08:40:31","modified_gmt":"2024-10-01T06:40:31","slug":"verkaufspferde","status":"publish","type":"page","link":"https:\/\/www.reithof-dahrendorf.de\/wordpress\/pferde\/verkaufspferde\/","title":{"rendered":"Verkaufspferde"},"content":{"rendered":"\n<p>Leider muss ich mich von einigen Pferden trennen. Wenn Sie auf der Suche nach einem Pferd sind, fragen Sie einfach an und beschreiben Sie, was Sie suchen. Vielleicht habe ich ja das passende Pferd f\u00fcr Sie.<\/p>\n\n\n<p>CL Special Sail <strong>Lady<\/strong><\/p>\n<p>Quarter Horse, Stute mit Papieren und super Abstammung, 20 Jahre alt, 1,55m, kr\u00e4ftig, absolut ruhig und brav im Umgang, lange nicht geritten worden, aber total fit.<\/p>\n<p><img loading=\"lazy\" class=\"alignnone  wp-image-700\" src=\"https:\/\/www.reithof-dahrendorf.de\/wordpress\/wp-content\/uploads\/DSCN0831-300x225.jpg\" alt=\"\" width=\"263\" height=\"197\" srcset=\"https:\/\/www.reithof-dahrendorf.de\/wordpress\/wp-content\/uploads\/DSCN0831-300x225.jpg 300w, https:\/\/www.reithof-dahrendorf.de\/wordpress\/wp-content\/uploads\/DSCN0831-1365x1024.jpg 1365w, https:\/\/www.reithof-dahrendorf.de\/wordpress\/wp-content\/uploads\/DSCN0831-150x113.jpg 150w, https:\/\/www.reithof-dahrendorf.de\/wordpress\/wp-content\/uploads\/DSCN0831-768x576.jpg 768w, https:\/\/www.reithof-dahrendorf.de\/wordpress\/wp-content\/uploads\/DSCN0831-1536x1152.jpg 1536w, https:\/\/www.reithof-dahrendorf.de\/wordpress\/wp-content\/uploads\/DSCN0831-2048x1536.jpg 2048w\" sizes=\"(max-width: 263px) 100vw, 263px\" \/> <img loading=\"lazy\" class=\"alignnone  wp-image-701\" src=\"https:\/\/www.reithof-dahrendorf.de\/wordpress\/wp-content\/uploads\/DSCN0836-300x225.jpg\" alt=\"\" width=\"263\" height=\"198\" srcset=\"https:\/\/www.reithof-dahrendorf.de\/wordpress\/wp-content\/uploads\/DSCN0836-300x225.jpg 300w, https:\/\/www.reithof-dahrendorf.de\/wordpress\/wp-content\/uploads\/DSCN0836-1365x1024.jpg 1365w, https:\/\/www.reithof-dahrendorf.de\/wordpress\/wp-content\/uploads\/DSCN0836-150x113.jpg 150w, https:\/\/www.reithof-dahrendorf.de\/wordpress\/wp-content\/uploads\/DSCN0836-768x576.jpg 768w, https:\/\/www.reithof-dahrendorf.de\/wordpress\/wp-content\/uploads\/DSCN0836-1536x1152.jpg 1536w, https:\/\/www.reithof-dahrendorf.de\/wordpress\/wp-content\/uploads\/DSCN0836-2048x1536.jpg 2048w\" sizes=\"(max-width: 263px) 100vw, 263px\" \/><\/p>\n<p><strong>Blue<\/strong><\/p>\n<p>Tolle Tinker-Stute, ist jahrelang brav im Unterricht und bei Mutter-Kind-Kursen mitgegangen, 19 Jahre, ca. 1,50m, kr\u00e4ftig, lieb, verl\u00e4sslich, braucht aber eine klare F\u00fchrung.<\/p>\n<p><img loading=\"lazy\" class=\"alignnone  wp-image-702\" src=\"https:\/\/www.reithof-dahrendorf.de\/wordpress\/wp-content\/uploads\/20230405_150605-300x169.jpg\" alt=\"\" width=\"330\" height=\"186\" srcset=\"https:\/\/www.reithof-dahrendorf.de\/wordpress\/wp-content\/uploads\/20230405_150605-300x169.jpg 300w, https:\/\/www.reithof-dahrendorf.de\/wordpress\/wp-content\/uploads\/20230405_150605-1820x1024.jpg 1820w, https:\/\/www.reithof-dahrendorf.de\/wordpress\/wp-content\/uploads\/20230405_150605-150x84.jpg 150w, https:\/\/www.reithof-dahrendorf.de\/wordpress\/wp-content\/uploads\/20230405_150605-768x432.jpg 768w, https:\/\/www.reithof-dahrendorf.de\/wordpress\/wp-content\/uploads\/20230405_150605-1536x864.jpg 1536w, https:\/\/www.reithof-dahrendorf.de\/wordpress\/wp-content\/uploads\/20230405_150605-2048x1152.jpg 2048w\" sizes=\"(max-width: 330px) 100vw, 330px\" \/> <img loading=\"lazy\" class=\"alignnone  wp-image-703\" src=\"https:\/\/www.reithof-dahrendorf.de\/wordpress\/wp-content\/uploads\/IMG_3256-300x259.jpg\" alt=\"\" width=\"220\" height=\"190\" srcset=\"https:\/\/www.reithof-dahrendorf.de\/wordpress\/wp-content\/uploads\/IMG_3256-300x259.jpg 300w, https:\/\/www.reithof-dahrendorf.de\/wordpress\/wp-content\/uploads\/IMG_3256-1186x1024.jpg 1186w, https:\/\/www.reithof-dahrendorf.de\/wordpress\/wp-content\/uploads\/IMG_3256-150x129.jpg 150w, https:\/\/www.reithof-dahrendorf.de\/wordpress\/wp-content\/uploads\/IMG_3256-768x663.jpg 768w, https:\/\/www.reithof-dahrendorf.de\/wordpress\/wp-content\/uploads\/IMG_3256-1536x1326.jpg 1536w, https:\/\/www.reithof-dahrendorf.de\/wordpress\/wp-content\/uploads\/IMG_3256-2048x1768.jpg 2048w\" sizes=\"(max-width: 220px) 100vw, 220px\" \/><\/p>\n<p><b>Lykke<\/b><\/p>\n<p>Extrem liebe und menschenbezogene Stute, sehr fein und sensibel, 18 Jahre alt, ca. 1,40m, kr\u00e4ftig, kann auch leichte Erwachsene gut tragen, braucht erst Vertrauen zum Menschen, der ihr die n\u00f6tige Sicherheit gibt, super in der Bodenarbeit.<\/p>\n<p><img loading=\"lazy\" class=\"alignnone  wp-image-704\" src=\"https:\/\/www.reithof-dahrendorf.de\/wordpress\/wp-content\/uploads\/20220327_154954-169x300.jpg\" alt=\"\" width=\"122\" height=\"217\" srcset=\"https:\/\/www.reithof-dahrendorf.de\/wordpress\/wp-content\/uploads\/20220327_154954-169x300.jpg 169w, https:\/\/www.reithof-dahrendorf.de\/wordpress\/wp-content\/uploads\/20220327_154954-576x1024.jpg 576w, https:\/\/www.reithof-dahrendorf.de\/wordpress\/wp-content\/uploads\/20220327_154954-84x150.jpg 84w, https:\/\/www.reithof-dahrendorf.de\/wordpress\/wp-content\/uploads\/20220327_154954-768x1365.jpg 768w, https:\/\/www.reithof-dahrendorf.de\/wordpress\/wp-content\/uploads\/20220327_154954-864x1536.jpg 864w, https:\/\/www.reithof-dahrendorf.de\/wordpress\/wp-content\/uploads\/20220327_154954-1152x2048.jpg 1152w, https:\/\/www.reithof-dahrendorf.de\/wordpress\/wp-content\/uploads\/20220327_154954-scaled.jpg 1440w\" sizes=\"(max-width: 122px) 100vw, 122px\" \/> <img loading=\"lazy\" class=\"alignnone  wp-image-705\" src=\"https:\/\/www.reithof-dahrendorf.de\/wordpress\/wp-content\/uploads\/20220327_150402-300x169.jpg\" alt=\"\" width=\"388\" height=\"219\" srcset=\"https:\/\/www.reithof-dahrendorf.de\/wordpress\/wp-content\/uploads\/20220327_150402-300x169.jpg 300w, https:\/\/www.reithof-dahrendorf.de\/wordpress\/wp-content\/uploads\/20220327_150402-1820x1024.jpg 1820w, https:\/\/www.reithof-dahrendorf.de\/wordpress\/wp-content\/uploads\/20220327_150402-150x84.jpg 150w, https:\/\/www.reithof-dahrendorf.de\/wordpress\/wp-content\/uploads\/20220327_150402-768x432.jpg 768w, https:\/\/www.reithof-dahrendorf.de\/wordpress\/wp-content\/uploads\/20220327_150402-1536x864.jpg 1536w, https:\/\/www.reithof-dahrendorf.de\/wordpress\/wp-content\/uploads\/20220327_150402-2048x1152.jpg 2048w\" sizes=\"(max-width: 388px) 100vw, 388px\" \/><\/p>\n<p><strong>Die Pferde sind sehr menschenbezogen mit absolut freundlichem Wesen. Ich gebe sie nur in sehr gute H\u00e4nde mit artgerechter Haltung! Preise sind Verhandlungssache.<\/strong><\/p>","protected":false},"excerpt":{"rendered":"<p>Leider muss ich mich von einigen Pferden trennen. Wenn Sie auf der Suche nach einem Pferd sind, fragen Sie einfach an und beschreiben Sie, was Sie suchen. Vielleicht habe ich ja das passende Pferd f\u00fcr Sie. CL Special Sail Lady Quarter Horse, Stute mit Papieren und super Abstammung, 20 Jahre alt, 1,55m, kr\u00e4ftig, absolut ruhig &hellip; <a href=\"https:\/\/www.reithof-dahrendorf.de\/wordpress\/pferde\/verkaufspferde\/\" class=\"more-link\"><span class=\"screen-reader-text\">Verkaufspferde<\/span> weiterlesen<\/a><\/p>\n","protected":false},"author":2,"featured_media":0,"parent":12,"menu_order":0,"comment_status":"closed","ping_status":"closed","template":"","meta":[],"aioseo_notices":[],"_links":{"self":[{"href":"https:\/\/www.reithof-dahrendorf.de\/wordpress\/wp-json\/wp\/v2\/pages\/13"}],"collection":[{"href":"https:\/\/www.reithof-dahrendorf.de\/wordpress\/wp-json\/wp\/v2\/pages"}],"about":[{"href":"https:\/\/www.reithof-dahrendorf.de\/wordpress\/wp-json\/wp\/v2\/types\/page"}],"author":[{"embeddable":true,"href":"https:\/\/www.reithof-dahrendorf.de\/wordpress\/wp-json\/wp\/v2\/users\/2"}],"replies":[{"embeddable":true,"href":"https:\/\/www.reithof-dahrendorf.de\/wordpress\/wp-json\/wp\/v2\/comments?post=13"}],"version-history":[{"count":66,"href":"https:\/\/www.reithof-dahrendorf.de\/wordpress\/wp-json\/wp\/v2\/pages\/13\/revisions"}],"predecessor-version":[{"id":753,"href":"https:\/\/www.reithof-dahrendorf.de\/wordpress\/wp-json\/wp\/v2\/pages\/13\/revisions\/753"}],"up":[{"embeddable":true,"href":"https:\/\/www.reithof-dahrendorf.de\/wordpress\/wp-json\/wp\/v2\/pages\/12"}],"wp:attachment":[{"href":"https:\/\/www.reithof-dahrendorf.de\/wordpress\/wp-json\/wp\/v2\/media?parent=13"}],"curies":[{"name":"wp","href":"https:\/\/api.w.org\/{rel}","templated":true}]}}