{"id":11,"date":"2008-03-19T20:46:30","date_gmt":"2008-03-19T19:46:30","guid":{"rendered":"http:\/\/www.reithof-dahrendorf.de\/wordpress\/?page_id=11"},"modified":"2018-10-19T18:32:42","modified_gmt":"2018-10-19T16:32:42","slug":"umgebung","status":"publish","type":"page","link":"https:\/\/www.reithof-dahrendorf.de\/wordpress\/umgebung\/","title":{"rendered":"Umgebung"},"content":{"rendered":"<p><img loading=\"lazy\" class=\"alignleft\" src=\"https:\/\/www.reithof-dahrendorf.de\/wordpress\/images\/kutschfahrt.jpg\" alt=\"Kutschfahrt\" width=\"239\" height=\"158\" \/>Direkt vom Hof ausgehend finden Sie ein <strong>sch\u00f6nes und abwechslungsreiches Reitgel\u00e4nde<\/strong>. Herrliche Sand- und Waldwege f\u00fchren durch das ehemalige Grenzgebiet, die Ausl\u00e4ufer der L\u00fcneburger Heide, der Clenzer Schweiz und des Naturparks Elbufer-Drawehn.<\/p>\n<p>Auch f\u00fcr Nichtreiter gibt es reizvolle Ausflugsziele in der N\u00e4he wie die einzigartigen <strong>Rundlingsd\u00f6rfer <\/strong><img loading=\"lazy\" class=\"alignright wp-image-34 size-full\" style=\"float: right; margin: 4px;\" title=\"Rundlingsdorf\" src=\"https:\/\/www.reithof-dahrendorf.de\/wordpress\/wp-content\/uploads\/rundling2.jpg\" alt=\"\" width=\"250\" height=\"187\" \/>im Wendland, das Freilicht-M\u00fchlen-Museum Suhlendorf, den Findlingsgarten Reddereitz, das Freilichtmuseum Diesdorf, Fachwerkst\u00e4dte wie L\u00fcchow und Salzwedel, <a href=\"http:\/\/www.luechow-dannenberg.de\/desktopdefault.aspx\/tabid-1483\/\" target=\"_blank\">Hitzacker <\/a>an der Elbe, den <a href=\"http:\/\/www.hundertwasserbahnhof.de\/\" target=\"_blank\">Hundertwasserbahnhof <\/a>in Uelzen, die Burg und das Waldbad in Bad Bodenteich, das Grenz-Museum Schnega\u00a0u.v.m.<\/p>\n<p>F\u00fcr etwas weitere Ausfl\u00fcge bieten sich u.a. der <a href=\"http:\/\/www.arendsee.de\/\" target=\"_blank\">Arendsee <\/a>mit familienfreundlichem Strandbad, die <a href=\"http:\/\/www.jod-sole-therme.de\" target=\"_blank\">Soletherme Bad Bevensen<\/a> und das Elbufer-Naturschutzgebiet an. Familien mit Kindern k\u00f6nnen ein Schwimmbad, einen Tier- oder Freizeitpark oder einen\u00a0 Aussichtsturm besuchen.<\/p>\n<p>Zahlreiche regionale Flohm\u00e4rkte, Feste und kulturelle Veranstaltungen gibt es vor allem an den Wochenenden. Oder Sie genie\u00dfen einfach die Natur bei Spazierg\u00e4ngen, Kutschfahrten oder Fahrradtouren.<\/p>\n","protected":false},"excerpt":{"rendered":"<p>Direkt vom Hof ausgehend finden Sie ein sch\u00f6nes und abwechslungsreiches Reitgel\u00e4nde. Herrliche Sand- und Waldwege f\u00fchren durch das ehemalige Grenzgebiet, die Ausl\u00e4ufer der L\u00fcneburger Heide, der Clenzer Schweiz und des Naturparks Elbufer-Drawehn. Auch f\u00fcr Nichtreiter gibt es reizvolle Ausflugsziele in der N\u00e4he wie die einzigartigen Rundlingsd\u00f6rfer im Wendland, das Freilicht-M\u00fchlen-Museum Suhlendorf, den Findlingsgarten Reddereitz, das &hellip; <a href=\"https:\/\/www.reithof-dahrendorf.de\/wordpress\/umgebung\/\" class=\"more-link\"><span class=\"screen-reader-text\">Umgebung<\/span> weiterlesen<\/a><\/p>\n","protected":false},"author":1,"featured_media":0,"parent":0,"menu_order":10,"comment_status":"closed","ping_status":"closed","template":"","meta":[],"aioseo_notices":[],"_links":{"self":[{"href":"https:\/\/www.reithof-dahrendorf.de\/wordpress\/wp-json\/wp\/v2\/pages\/11"}],"collection":[{"href":"https:\/\/www.reithof-dahrendorf.de\/wordpress\/wp-json\/wp\/v2\/pages"}],"about":[{"href":"https:\/\/www.reithof-dahrendorf.de\/wordpress\/wp-json\/wp\/v2\/types\/page"}],"author":[{"embeddable":true,"href":"https:\/\/www.reithof-dahrendorf.de\/wordpress\/wp-json\/wp\/v2\/users\/1"}],"replies":[{"embeddable":true,"href":"https:\/\/www.reithof-dahrendorf.de\/wordpress\/wp-json\/wp\/v2\/comments?post=11"}],"version-history":[{"count":6,"href":"https:\/\/www.reithof-dahrendorf.de\/wordpress\/wp-json\/wp\/v2\/pages\/11\/revisions"}],"predecessor-version":[{"id":404,"href":"https:\/\/www.reithof-dahrendorf.de\/wordpress\/wp-json\/wp\/v2\/pages\/11\/revisions\/404"}],"wp:attachment":[{"href":"https:\/\/www.reithof-dahrendorf.de\/wordpress\/wp-json\/wp\/v2\/media?parent=11"}],"curies":[{"name":"wp","href":"https:\/\/api.w.org\/{rel}","templated":true}]}}